{"id":70,"date":"2016-07-11T12:32:44","date_gmt":"2016-07-11T10:32:44","guid":{"rendered":"http:\/\/www.aufkleber-druck-profi.de\/?page_id=70"},"modified":"2017-09-12T15:44:21","modified_gmt":"2017-09-12T13:44:21","slug":"einfaches-handling","status":"publish","type":"page","link":"http:\/\/cms-web-profi.de\/?page_id=70","title":{"rendered":"Einfaches Handling"},"content":{"rendered":"<div class=\"page\" title=\"Page 1\">\n<div class=\"layoutArea\">\n<div class=\"column\">\n<p>Vorab eine kurze Begriffserkl\u00e4rung: Um ein Content Management System (CMS) kommt man kaum herum, wenn man eine Website betrei- ben will, deren Inhalte wechseln, bei denen vielleicht gar mehrere Personen beteiligt sind oder die ihre Nutzer auf verschiedenen Wegen (Desktop-PC, Tablet, Smartphone) erreichen soll.<\/p>\n<p>Ein CMS-System dient dazu, Inhalte zu verwalten. Es bestimmt, wie man sie eingibt und welche M\u00f6glichkeiten der Darstellung und Weiter- verarbeitung man hat, also dem Content von Websites. Letztlich ist ein CMS eine Software, also ein Programm. Nur l\u00e4uft sie nicht auf unserem eigenen PC, sondern auf einem externen Rechner:<br \/>\neinem Webserver. Er sorgt daf\u00fcr, dass man alle Inhalte in einem Web-Browser aufrufen kann.<\/p>\n<p>Wenn es um das Aussehen der Website geht, also das Layout oder Design, ist oftmals von Templates oder Themes die Rede. Die Idealvorstel- lung ist, dass die Inhalte und ihre Gestaltung zwei voneinander getrennte Dinge sind. Nur dann hat man die Freiheit, das Design bei Bedarf komplett zu \u00e4ndern, ohne die Inhalte selbst antasten zu m\u00fcssen. Wichtig sind nicht zuletzt Erweiterungen, die je nach System Modul (oder auch Plugin, Extension oder Add-On) genannt werden. Mit ihnen kann man seinem CMS-System neue F\u00e4higkeiten beibringen, ohne selbst programmieren zu m\u00fcssen.<\/p>\n<p>F\u00fcr den Einsatz von CMS-Modulen innerhalb von Webseiten sprechen die gro\u00dfe Vielfalt, die individuellen Anpassungsm\u00f6glichkeiten und das einfache Handling. Es gibt f\u00fcr nahezu jeden Einsatzzweck ein passendes CMS-Modul, das unter den jeweiligen Software-Programmen einzu- setzen ist. Da die vielen, weltweit t\u00e4tigen Entwickler die Programmierung der Module bereits vorgenommen hat, k\u00f6nnen die Nutzer auf die unterschiedlchsten \u201efertigen\u201c Module zur\u00fcckgreifen. Diese M\u00f6glichkeit steht den einfachen HTML-Programmen nicht oder nur selten zur Verf\u00fcgung.<\/p>\n<p>Entweder kommen die Module unver\u00e4ndert zum Einsatz, oder sie k\u00f6nnen den Anforderungen des jeweiligen Nutzers individuell angepasst werden. So k\u00f6nnen Web-Designer bzw. Web-Agenturen jedes CMS-Modul den Anforderungen des Auftraggebers anpassen. Am Ende steht dem Nutzer ein einfaches Handling zur Verf\u00fcgung.<\/p>\n<\/div>\n<\/div>\n<\/div>\n","protected":false},"excerpt":{"rendered":"<p>Vorab eine kurze Begriffserkl\u00e4rung: Um ein Content Management System (CMS) kommt man kaum herum, wenn man eine Website betrei- ben<\/p>\n","protected":false},"author":1,"featured_media":0,"parent":0,"menu_order":0,"comment_status":"closed","ping_status":"closed","template":"","meta":{"footnotes":""},"class_list":["post-70","page","type-page","status-publish","hentry"],"_links":{"self":[{"href":"http:\/\/cms-web-profi.de\/index.php?rest_route=\/wp\/v2\/pages\/70","targetHints":{"allow":["GET"]}}],"collection":[{"href":"http:\/\/cms-web-profi.de\/index.php?rest_route=\/wp\/v2\/pages"}],"about":[{"href":"http:\/\/cms-web-profi.de\/index.php?rest_route=\/wp\/v2\/types\/page"}],"author":[{"embeddable":true,"href":"http:\/\/cms-web-profi.de\/index.php?rest_route=\/wp\/v2\/users\/1"}],"replies":[{"embeddable":true,"href":"http:\/\/cms-web-profi.de\/index.php?rest_route=%2Fwp%2Fv2%2Fcomments&post=70"}],"version-history":[{"count":8,"href":"http:\/\/cms-web-profi.de\/index.php?rest_route=\/wp\/v2\/pages\/70\/revisions"}],"predecessor-version":[{"id":393,"href":"http:\/\/cms-web-profi.de\/index.php?rest_route=\/wp\/v2\/pages\/70\/revisions\/393"}],"wp:attachment":[{"href":"http:\/\/cms-web-profi.de\/index.php?rest_route=%2Fwp%2Fv2%2Fmedia&parent=70"}],"curies":[{"name":"wp","href":"https:\/\/api.w.org\/{rel}","templated":true}]}}