{"id":33,"date":"2016-07-11T09:55:42","date_gmt":"2016-07-11T07:55:42","guid":{"rendered":"http:\/\/www.aufkleber-druck-profi.de\/?page_id=33"},"modified":"2017-07-23T13:59:36","modified_gmt":"2017-07-23T11:59:36","slug":"viele-designvorlagen","status":"publish","type":"page","link":"http:\/\/cms-web-profi.de\/?page_id=33","title":{"rendered":"Viele Designvorlagen"},"content":{"rendered":"<div class=\"page\" title=\"Page 1\">\n<div class=\"layoutArea\">\n<div class=\"column\">\n<p>F\u00fcr jedes CMS-System gibt es eine riesige Auswahl an Designvorlagen (auch Templates genannt). Diese k\u00f6nnen ganz nach dem Geschmack des Anwenders \u00fcbernommen werden. Oder, wie oben beschrieben, nach den W\u00fcnschen des Anwenders angepasst werden. Ganz egal, um welche Branche es sich handelt: es gibt bereits eine Designvorlage hierf\u00fcr. Ob modern, klassisch oder konservativ, ob mit vielen Bildern oder ohne, ob bunt oder einfarbig.<\/p>\n<p>Die Auswahl ist riesengro\u00df. Durch die gute Anpassbarkeit lassen sich die Designvorlagen an nahezu jedes<br \/>\nCMS-System und Anwenderwunsch beliebig anpassen. Dabei spielt es keine Rolle, ob beispielsweise eine Webseite f\u00fcr einen Fotografen erstellt werden soll oder f\u00fcr ein Gro\u00dfunternehmen, das sich auf den Verkauf von Mode spezialisiert hat und einen gro\u00dfen Shop integriert hat.<\/p>\n<\/div>\n<\/div>\n<\/div>\n<div class=\"page\" title=\"Page 2\">\n<div class=\"layoutArea\">\n<div class=\"column\">\n<p>Was auf keinen Fall zu vergessen ist, ist die Darstellung der Web-Inhalte auf PCs mit gro\u00dffl\u00e4chigen Monitoren, Tablets und Smartphones: das Responsive Design. Es sorgt daf\u00fcr, dass alle Inhalte auf jedem Endger\u00e4t korekt dargestellt werden. Egal, wie gro\u00df die Bildschirmfl\u00e4che ist.<\/p>\n<p>Tipp: Auchten Sie darauf, dass ihr CMS-Modul die unterschiedlichen Bildschirmgr\u00f6\u00dfen bzw. Endger\u00e4te unterst\u00fctzt \u2013 Stichwort \u201eResponsive Design\u201c!<\/p>\n<\/div>\n<\/div>\n<\/div>\n","protected":false},"excerpt":{"rendered":"<p>F\u00fcr jedes CMS-System gibt es eine riesige Auswahl an Designvorlagen (auch Templates genannt). Diese k\u00f6nnen ganz nach dem Geschmack des<\/p>\n","protected":false},"author":1,"featured_media":0,"parent":0,"menu_order":0,"comment_status":"closed","ping_status":"closed","template":"","meta":{"footnotes":""},"class_list":["post-33","page","type-page","status-publish","hentry"],"_links":{"self":[{"href":"http:\/\/cms-web-profi.de\/index.php?rest_route=\/wp\/v2\/pages\/33","targetHints":{"allow":["GET"]}}],"collection":[{"href":"http:\/\/cms-web-profi.de\/index.php?rest_route=\/wp\/v2\/pages"}],"about":[{"href":"http:\/\/cms-web-profi.de\/index.php?rest_route=\/wp\/v2\/types\/page"}],"author":[{"embeddable":true,"href":"http:\/\/cms-web-profi.de\/index.php?rest_route=\/wp\/v2\/users\/1"}],"replies":[{"embeddable":true,"href":"http:\/\/cms-web-profi.de\/index.php?rest_route=%2Fwp%2Fv2%2Fcomments&post=33"}],"version-history":[{"count":11,"href":"http:\/\/cms-web-profi.de\/index.php?rest_route=\/wp\/v2\/pages\/33\/revisions"}],"predecessor-version":[{"id":359,"href":"http:\/\/cms-web-profi.de\/index.php?rest_route=\/wp\/v2\/pages\/33\/revisions\/359"}],"wp:attachment":[{"href":"http:\/\/cms-web-profi.de\/index.php?rest_route=%2Fwp%2Fv2%2Fmedia&parent=33"}],"curies":[{"name":"wp","href":"https:\/\/api.w.org\/{rel}","templated":true}]}}