{"id":181,"date":"2016-07-16T16:19:37","date_gmt":"2016-07-16T14:19:37","guid":{"rendered":"http:\/\/www.aufkleber-druck-profi.de\/?page_id=181"},"modified":"2017-07-23T14:01:32","modified_gmt":"2017-07-23T12:01:32","slug":"selbst-bedienen","status":"publish","type":"page","link":"http:\/\/cms-web-profi.de\/?page_id=181","title":{"rendered":"Selbst bedienen!"},"content":{"rendered":"<div class=\"page\" title=\"Page 4\">\n<div class=\"layoutArea\">\n<div class=\"column\">\n<p>Ansprechstellen f\u00fcr den Aufbau von Webseiten sind \u00fcblicherweise Web-Designer und Web-Agenturen.<br \/>\nF\u00fcr Redax24 spricht, dass auf der\u00a0Webseite von Redax24 (<a href=\"http:\/\/www.redax24.de\">www.redax24.de<\/a>) genau die Bausteine f\u00fcr eine Webseite ausgew\u00e4hlt werden k\u00f6nnen, die ben\u00f6tigt werden. Die Webseite ist \u00fcbersichtlich aufgebaut und l\u00e4sst ein schnelles Zusammensteller der ben\u00f6tigten Web-Pakate zu.<\/p>\n<p>Das Motto der Entwickler hat sicher gelautet: Einfach selbst bedienen! Und so einfach ist es auch tats\u00e4chlich.<br \/>\nJeder Anwender kann die ben\u00f6tigten Web-Bausteine \/ Pakete ausw\u00e4hlen und erh\u00e4lt sofort die Kosten \u00fcbersichtlich dargestellt. Einfacher geht es wohl nicht mehr!<\/p>\n<\/div>\n<\/div>\n<\/div>\n","protected":false},"excerpt":{"rendered":"<p>Ansprechstellen f\u00fcr den Aufbau von Webseiten sind \u00fcblicherweise Web-Designer und Web-Agenturen. F\u00fcr Redax24 spricht, dass auf der\u00a0Webseite von Redax24 (www.redax24.de)<\/p>\n","protected":false},"author":1,"featured_media":0,"parent":0,"menu_order":0,"comment_status":"closed","ping_status":"closed","template":"","meta":{"footnotes":""},"class_list":["post-181","page","type-page","status-publish","hentry"],"_links":{"self":[{"href":"http:\/\/cms-web-profi.de\/index.php?rest_route=\/wp\/v2\/pages\/181","targetHints":{"allow":["GET"]}}],"collection":[{"href":"http:\/\/cms-web-profi.de\/index.php?rest_route=\/wp\/v2\/pages"}],"about":[{"href":"http:\/\/cms-web-profi.de\/index.php?rest_route=\/wp\/v2\/types\/page"}],"author":[{"embeddable":true,"href":"http:\/\/cms-web-profi.de\/index.php?rest_route=\/wp\/v2\/users\/1"}],"replies":[{"embeddable":true,"href":"http:\/\/cms-web-profi.de\/index.php?rest_route=%2Fwp%2Fv2%2Fcomments&post=181"}],"version-history":[{"count":8,"href":"http:\/\/cms-web-profi.de\/index.php?rest_route=\/wp\/v2\/pages\/181\/revisions"}],"predecessor-version":[{"id":379,"href":"http:\/\/cms-web-profi.de\/index.php?rest_route=\/wp\/v2\/pages\/181\/revisions\/379"}],"wp:attachment":[{"href":"http:\/\/cms-web-profi.de\/index.php?rest_route=%2Fwp%2Fv2%2Fmedia&parent=181"}],"curies":[{"name":"wp","href":"https:\/\/api.w.org\/{rel}","templated":true}]}}