{"id":175,"date":"2016-07-16T16:18:53","date_gmt":"2016-07-16T14:18:53","guid":{"rendered":"http:\/\/www.aufkleber-druck-profi.de\/?page_id=175"},"modified":"2017-07-23T14:01:21","modified_gmt":"2017-07-23T12:01:21","slug":"millionenfach-bewaehrt","status":"publish","type":"page","link":"http:\/\/cms-web-profi.de\/?page_id=175","title":{"rendered":"Millionenfach bew\u00e4hrt"},"content":{"rendered":"<div class=\"page\" title=\"Page 1\">\n<div class=\"layoutArea\">\n<div class=\"column\">\n<p>Die Anzahl an verf\u00fcgbaren Modulen f\u00fcr CMS-Systeme ist nahezu grenzenlos. Es gibt einige Hunderttausend unterschiedlicher CMS-Module f\u00fcr jeden Einsatzzweck \u2013 und es kommen stetig neue hinzu.<br \/>\nOb f\u00fcr WordPress, Joomla, Drupal, Magento oder TYPO3: f\u00fcr jedes CMS-System ist die Auswahl riesengro\u00df.<br \/>\nDabei ist die Mehrzahl der\u00a0CMS-Module kostenfrei erh\u00e4ltlich. Zahlreiche CMS-Module sind jedoch gegen eine kleine Geb\u00fchr erh\u00e4ltlich.<\/p>\n<p>Das ist umso verst\u00e4ndlicher, als sich die Programmierer viele Gedanken und ein Modul gemacht haben \u2013 und zudem auch viel Zeit darin investiert haben. Dadurch, dass jeder Nutzer nur einen kleinen Betrag f\u00fcr ein Modul zu zahlen hat, rechnet es sich trotz kleiner Anerkennungsbetr\u00e4ge f\u00fcr den Programmierer, der unter Umst\u00e4nden von vielen Anwendern diesen Obulus erhalten hat. Zus\u00e4tz- lich sei angemerkt, dass ein Programmierer entsprechend sorgf\u00e4ltig arbeitet bzw. programmiert, wenn er Geld f\u00fcr seine Arbeit erh\u00e4lt.<\/p>\n<p>Fast allen CMS-Modulen kommt zugute, dass sie bei den Anwendern in aller Welt nicht nur im Einsatz sind, sondern auch stetig verbessert werden. Alles in allem bew\u00e4hren sich die im Einsatz bedindlichen CMS-Module<br \/>\nmillionenfach \u2013 tagt\u00e4glich.<\/p>\n<\/div>\n<\/div>\n<\/div>\n","protected":false},"excerpt":{"rendered":"<p>Die Anzahl an verf\u00fcgbaren Modulen f\u00fcr CMS-Systeme ist nahezu grenzenlos. Es gibt einige Hunderttausend unterschiedlicher CMS-Module f\u00fcr jeden Einsatzzweck \u2013<\/p>\n","protected":false},"author":1,"featured_media":0,"parent":0,"menu_order":0,"comment_status":"closed","ping_status":"closed","template":"","meta":{"footnotes":""},"class_list":["post-175","page","type-page","status-publish","hentry"],"_links":{"self":[{"href":"http:\/\/cms-web-profi.de\/index.php?rest_route=\/wp\/v2\/pages\/175","targetHints":{"allow":["GET"]}}],"collection":[{"href":"http:\/\/cms-web-profi.de\/index.php?rest_route=\/wp\/v2\/pages"}],"about":[{"href":"http:\/\/cms-web-profi.de\/index.php?rest_route=\/wp\/v2\/types\/page"}],"author":[{"embeddable":true,"href":"http:\/\/cms-web-profi.de\/index.php?rest_route=\/wp\/v2\/users\/1"}],"replies":[{"embeddable":true,"href":"http:\/\/cms-web-profi.de\/index.php?rest_route=%2Fwp%2Fv2%2Fcomments&post=175"}],"version-history":[{"count":9,"href":"http:\/\/cms-web-profi.de\/index.php?rest_route=\/wp\/v2\/pages\/175\/revisions"}],"predecessor-version":[{"id":377,"href":"http:\/\/cms-web-profi.de\/index.php?rest_route=\/wp\/v2\/pages\/175\/revisions\/377"}],"wp:attachment":[{"href":"http:\/\/cms-web-profi.de\/index.php?rest_route=%2Fwp%2Fv2%2Fmedia&parent=175"}],"curies":[{"name":"wp","href":"https:\/\/api.w.org\/{rel}","templated":true}]}}