{"id":171,"date":"2016-07-16T16:18:22","date_gmt":"2016-07-16T14:18:22","guid":{"rendered":"http:\/\/www.aufkleber-druck-profi.de\/?page_id=171"},"modified":"2017-07-23T14:01:09","modified_gmt":"2017-07-23T12:01:09","slug":"typo3","status":"publish","type":"page","link":"http:\/\/cms-web-profi.de\/?page_id=171","title":{"rendered":"TYPO3"},"content":{"rendered":"<div class=\"page\" title=\"Page 2\">\n<div class=\"layoutArea\">\n<div class=\"column\">\n<p>TYPO3 ist ein freies CMS-System, mit dem Sie, wie auch mit WordPress, eine Website gestalten und ver\u00f6ffentlichen. Es basiert ebenfalls auf der Scriptsprache PHP und als Datenbank k\u00f6nnen bspw. MySQL oder Oracle eingesetzt werden.<\/p>\n<p>Zahlreiche Funktionen von TYPO3 k\u00f6nnen mit Erweiterungen integriert werden, ohne dass ein eigener Programmcode geschrieben werden muss. Die derzeit \u00fcber 5000 Erweiterungen stammen zum gr\u00f6\u00dften Teil von Fremdanbietern und sind kostenlos verf\u00fcgbar. Dazu z\u00e4hlen unter anderem Erweiterungen f\u00fcr News,<br \/>\nShop-Systeme oder Diskussionsforen. Das System ist auf Mehrsprachigkeit ausgelegt und wird von einer Anwender- und Entwicklergemeinde aus aller Welt betreut. TYPO3 geh\u00f6rt damit neben WordPress mit zu den bekanntesten CMS-Systemem aus dem Bereich der freien Software.<\/p>\n<p>Durch seine hohe Komplexit\u00e4t und die leistungsf\u00e4hige Datenbankstruktur eignet sich das TYPO3 CMS f\u00fcr gro\u00dfe Internetplattformen, Markt- pl\u00e4tze und Portall\u00f6sungen.<\/p>\n<\/div>\n<\/div>\n<div class=\"layoutArea\">\n<div class=\"column\">\n<p>Die Einarbeitungszeit eines Entwicklers betr\u00e4gt erfahrungsgem\u00e4\u00df mehrere Wochen bis Monate,<br \/>\nf\u00fcr einen Autor\/Redakteur, der eine Internetseite via TYPO3 betreut und bedient, je nach freigeschalteten Funktionen\/Erweiterungen, wenige Minuten bis einige Stunden. Ein Entwickler, der mit TYPO3 eine Website einrichten m\u00f6chte, muss sich in der Regel intensiv mit der Metasprache TypoScript besch\u00e4ftigen.<\/p>\n<\/div>\n<\/div>\n<\/div>\n<div class=\"page\" title=\"Page 3\">\n<div class=\"layoutArea\">\n<div class=\"column\">\n<p>Wie auch f\u00fcr WordPress k\u00f6nnen verschiedene Benutzer angelegt und verwaltet werden. Die Rolle eines Benutzers legt fest, welche Rechte dieser hat. TYPO3 kennt folgende Benutzer, die mit unterschiedlichen rechten ausgestattet sind:<\/p>\n<ul>\n<li><strong>Abonnent<\/strong> &#8211; kann nur sein eigenes Profil bearbeiten und Kommentare \u00fcber seinen Account hinterlassen<\/li>\n<li><strong>Mitarbeiter<\/strong> &#8211;\u00a0kann eigene Beitr\u00e4ge erstellen\/bearbeiten, diese m\u00fcssen aber vor der Ver\u00f6ffentlichung vom Administrator gepr\u00fcft werden<\/li>\n<li><strong>Autor<\/strong> &#8211;\u00a0kann eigene Beitr\u00e4ge erstellen\/bearbeiten und diese eigenst\u00e4ndig ver\u00f6ffentlichen oder l\u00f6schen, sowie Bilder hochladen<\/li>\n<li><strong>Redakteur<\/strong> &#8211;\u00a0kann alle Beitr\u00e4ge und Seiten ansehen, bearbeiten, ver\u00f6ffentlichen oder l\u00f6schen, Bilder hochladen, Schlagworte verwalten, und Kommentare moderieren<\/li>\n<li><strong>Administrator<\/strong> &#8211;\u00a0hat uneingeschr\u00e4nkte Rechte, und kann somit Benutzer hinzuf\u00fcgen, alle Einstellungen \u00e4ndern, das Theme wechseln und Plug-Ins aktivieren<\/li>\n<\/ul>\n<div class=\"page\" title=\"Page 3\">\n<div class=\"layoutArea\">\n<div class=\"column\">\n<p>Auch bei TYPO3 l\u00e4sst sich die Funktionalit\u00e4t mit Plug-Ins erweitern. Plug-Ins sind untergeordnete PHP-Programme, die beim Aufruf in Word- Press geladen werden und das System so erweitern k\u00f6nnen. Dadurch ergibt sich die beliebige Erweiterbarkeit von TYPO3.<\/p>\n<p><strong>Zusammenfassung:<\/strong> TYPO3 ist ein umfassendes CMS-System mit hoher Komplexit\u00e4t und leistungsf\u00e4higer Datenbankstruktur. Es eignet sich daher f\u00fcr gro\u00dfe Internetplattformen, Marktpl\u00e4tze und Portall\u00f6sungen.<\/p>\n<\/div>\n<\/div>\n<\/div>\n<\/div>\n<\/div>\n<\/div>\n","protected":false},"excerpt":{"rendered":"<p>TYPO3 ist ein freies CMS-System, mit dem Sie, wie auch mit WordPress, eine Website gestalten und ver\u00f6ffentlichen. Es basiert ebenfalls<\/p>\n","protected":false},"author":1,"featured_media":0,"parent":0,"menu_order":0,"comment_status":"closed","ping_status":"closed","template":"","meta":{"footnotes":""},"class_list":["post-171","page","type-page","status-publish","hentry"],"_links":{"self":[{"href":"http:\/\/cms-web-profi.de\/index.php?rest_route=\/wp\/v2\/pages\/171","targetHints":{"allow":["GET"]}}],"collection":[{"href":"http:\/\/cms-web-profi.de\/index.php?rest_route=\/wp\/v2\/pages"}],"about":[{"href":"http:\/\/cms-web-profi.de\/index.php?rest_route=\/wp\/v2\/types\/page"}],"author":[{"embeddable":true,"href":"http:\/\/cms-web-profi.de\/index.php?rest_route=\/wp\/v2\/users\/1"}],"replies":[{"embeddable":true,"href":"http:\/\/cms-web-profi.de\/index.php?rest_route=%2Fwp%2Fv2%2Fcomments&post=171"}],"version-history":[{"count":9,"href":"http:\/\/cms-web-profi.de\/index.php?rest_route=\/wp\/v2\/pages\/171\/revisions"}],"predecessor-version":[{"id":375,"href":"http:\/\/cms-web-profi.de\/index.php?rest_route=\/wp\/v2\/pages\/171\/revisions\/375"}],"wp:attachment":[{"href":"http:\/\/cms-web-profi.de\/index.php?rest_route=%2Fwp%2Fv2%2Fmedia&parent=171"}],"curies":[{"name":"wp","href":"https:\/\/api.w.org\/{rel}","templated":true}]}}