{"id":169,"date":"2016-07-16T16:18:11","date_gmt":"2016-07-16T14:18:11","guid":{"rendered":"http:\/\/www.aufkleber-druck-profi.de\/?page_id=169"},"modified":"2017-07-23T14:00:58","modified_gmt":"2017-07-23T12:00:58","slug":"redax24","status":"publish","type":"page","link":"http:\/\/cms-web-profi.de\/?page_id=169","title":{"rendered":"Redax24"},"content":{"rendered":"<div class=\"page\" title=\"Page 3\">\n<div class=\"layoutArea\">\n<div class=\"column\">\n<p>Ein noch junges und benutzerfreundliches CMS-System ist Redax24. Dabei geht Redax24 einen anderen und zugleich interessanten Weg. Redax24 bietet einzelne Bausteine f\u00fcr die Erstellung einer Webseite an. Der Nutzer kann bereits im Vorfeld w\u00e4hlen, welche einzelnen Bau- steine f\u00fcr ihn wichtig sind und auf diesem Wege bereits im Voraus die genauen Kosten einsehen. \u00dcber die Webseite www.redax24.de kann der Nutzer sich die Bausteine ausw\u00e4hlen, die er verwenden m\u00f6chte. Dazu geh\u00f6rt zum Beispiel auch das Modul \u201eBeratung\u201c. Hier erh\u00e4lt er eine professionelle Beratung durch die Web-Agentur, die die gesamte Umsetzung des Projektes mit ihm abstimmt. Weitere ausw\u00e4hlbare CMS-Module sind:<\/p>\n<div class=\"page\" title=\"Page 3\">\n<div class=\"layoutArea\">\n<div class=\"column\">\n<p>\u2013 Design-Template-Module<br \/>\n\u2013 Kontaktformular-Module<br \/>\n\u2013 Automatisch-Antworten-Module<br \/>\n\u2013 Bildgalerie-Module<br \/>\n\u2013 Blog-Module<br \/>\n\u2013 G\u00e4stebuch-Module<br \/>\n\u2013 Suchmaschinen-Optimierungs-Module<br \/>\n\u2013 Suchfeld-Module<br \/>\n<span style=\"line-height: 1.5;\">\u2013 Karten\/Map-Module<br \/>\n<\/span><span style=\"line-height: 1.5;\">\u2013 Datenbank-Module<br \/>\n<\/span>\u2013 Sprach-Module (f\u00fcr unterschiedliche Sprachen)<br \/>\n\u2013 Shop-Module<br \/>\n\u2013 usw.<\/p>\n<div class=\"page\" title=\"Page 3\">\n<div class=\"layoutArea\">\n<div class=\"column\">\n<p>F\u00fcr Redax24 sprechen weiterhin die einfache und benutzerfreundliche Bedienung f\u00fcr den Anwender und die individuelle Konfigurierbarkeit, die an den Anwender angepasst werden kann.<\/p>\n<p>Die Einsatzm\u00f6glichkeiten sind vor allem f\u00fcr kleine bis mittelgro\u00dfe Unternehmen gedacht. Und auch f\u00fcr Redax24 gilt, dass verschiedene Be- nutzer angelegt und verwaltet werden k\u00f6nnen Zum Beispiel:<\/p>\n<ul>\n<li><strong>Abonnent<\/strong> &#8211;\u00a0kann nur sein eigenes Profil bearbeiten und Kommentare \u00fcber seinen Account hinterlassen<\/li>\n<li><strong>Mitarbeiter<\/strong> &#8211;\u00a0kann eigene Beitr\u00e4ge erstellen\/bearbeiten, diese m\u00fcssen aber vor der Ver\u00f6ffentlichung vom Administrator gepr\u00fcft werden<\/li>\n<li><strong>Autor<\/strong> &#8211;\u00a0kann eigene Beitr\u00e4ge erstellen\/bearbeiten und diese eigenst\u00e4ndig ver\u00f6ffentlichen oder l\u00f6schen, sowie Bilder hochladen<\/li>\n<li><strong>Redakteur<\/strong> &#8211;\u00a0kann alle Beitr\u00e4ge und Seiten ansehen, bearbeiten, ver\u00f6ffentlichen oder l\u00f6schen, Bilder hochladen, Schlagworte verwalten, und Kommentare moderieren<\/li>\n<li><strong>Administrator<\/strong> &#8211;\u00a0hat uneingeschr\u00e4nkte Rechte, und kann somit Benutzer hinzuf\u00fcgen, alle Einstellungen \u00e4ndern, das Theme wechseln und Plug-Ins aktivieren<\/li>\n<\/ul>\n<div class=\"page\" title=\"Page 3\">\n<div class=\"layoutArea\">\n<div class=\"column\">\n<p>Die Funktionsvielfalt von Redax24 l\u00e4sst sich ebenfalls durch Plug-Ins erweitern, wodurch sich eine beliebige Erweiterbarkeit ergibt.<\/p>\n<p><strong>Zusammenfassung:<\/strong> Redax24 ist ein junges, vielversprechendes und benutzerfreundliches CMS-System, mit dem Inhalte einfach und intuitiv verwaltet werden k\u00f6nnen, auch von mehreren Benutzern. Es eignet sich besonders f\u00fcr kleine bis mittelgro\u00dfe Unternehmen, die schnell und einfach ihre Webpr\u00e4senz realisieren wollen.<\/p>\n<\/div>\n<\/div>\n<\/div>\n<\/div>\n<\/div>\n<\/div>\n<\/div>\n<\/div>\n<\/div>\n<\/div>\n<\/div>\n<\/div>\n","protected":false},"excerpt":{"rendered":"<p>Ein noch junges und benutzerfreundliches CMS-System ist Redax24. Dabei geht Redax24 einen anderen und zugleich interessanten Weg. Redax24 bietet einzelne<\/p>\n","protected":false},"author":1,"featured_media":0,"parent":0,"menu_order":0,"comment_status":"closed","ping_status":"closed","template":"","meta":{"footnotes":""},"class_list":["post-169","page","type-page","status-publish","hentry"],"_links":{"self":[{"href":"http:\/\/cms-web-profi.de\/index.php?rest_route=\/wp\/v2\/pages\/169","targetHints":{"allow":["GET"]}}],"collection":[{"href":"http:\/\/cms-web-profi.de\/index.php?rest_route=\/wp\/v2\/pages"}],"about":[{"href":"http:\/\/cms-web-profi.de\/index.php?rest_route=\/wp\/v2\/types\/page"}],"author":[{"embeddable":true,"href":"http:\/\/cms-web-profi.de\/index.php?rest_route=\/wp\/v2\/users\/1"}],"replies":[{"embeddable":true,"href":"http:\/\/cms-web-profi.de\/index.php?rest_route=%2Fwp%2Fv2%2Fcomments&post=169"}],"version-history":[{"count":6,"href":"http:\/\/cms-web-profi.de\/index.php?rest_route=\/wp\/v2\/pages\/169\/revisions"}],"predecessor-version":[{"id":373,"href":"http:\/\/cms-web-profi.de\/index.php?rest_route=\/wp\/v2\/pages\/169\/revisions\/373"}],"wp:attachment":[{"href":"http:\/\/cms-web-profi.de\/index.php?rest_route=%2Fwp%2Fv2%2Fmedia&parent=169"}],"curies":[{"name":"wp","href":"https:\/\/api.w.org\/{rel}","templated":true}]}}